{"id":982,"date":"2016-07-04T09:01:41","date_gmt":"2016-07-04T09:01:41","guid":{"rendered":"http:\/\/ectem.cat\/es\/showroom\/"},"modified":"2023-08-17T10:29:57","modified_gmt":"2023-08-17T10:29:57","slug":"showroom","status":"publish","type":"page","link":"https:\/\/ectem.cat\/es\/","title":{"rendered":"Inicio"},"content":{"rendered":"<div class=\"vc_row wpb_row vc_row-fluid\"><div class=\"wpb_column vc_column_container vc_col-sm-12\"><div class=\"wpb_wrapper\">\n\t<div class=\"wpb_single_image wpb_content_element vc_align_center\">\n\t\t<div class=\"wpb_wrapper\">\n\t\t\t\n\t\t\t<div class=\"vc_single_image-wrapper   vc_box_border_grey\"><img loading=\"lazy\" decoding=\"async\" width=\"900\" height=\"610\" src=\"https:\/\/ectem.cat\/wp-content\/uploads\/2016\/07\/imjac-17.jpg\" class=\"vc_single_image-img attachment-full\" alt=\"\" srcset=\"https:\/\/ectem.cat\/wp-content\/uploads\/2016\/07\/imjac-17.jpg 900w, https:\/\/ectem.cat\/wp-content\/uploads\/2016\/07\/imjac-17-300x203.jpg 300w, https:\/\/ectem.cat\/wp-content\/uploads\/2016\/07\/imjac-17-768x521.jpg 768w, https:\/\/ectem.cat\/wp-content\/uploads\/2016\/07\/imjac-17-220x150.jpg 220w\" sizes=\"auto, (max-width: 900px) 100vw, 900px\" \/><\/div>\n\t\t<\/div>\n\t<\/div>\n<\/div><\/div><\/div><div class=\"vc_row wpb_row vc_row-fluid\"><div class=\"white wpb_column vc_column_container vc_col-sm-12\"><div class=\"wpb_wrapper\">\n\t<div class=\"wpb_text_column wpb_content_element \">\n\t\t<div class=\"wpb_wrapper\">\n\t\t\t<p>Somos especialistas en Dom\u00f3tica, Home Cinema, sistemas de sonido de Alta Fidelidad\u00a0y multiroom.<\/p>\n<p>Dise\u00f1amos, planificamos y ejecutamos la instalaci\u00f3n que mayor se adapta a sus<\/p>\n<p>necesidades, siempre con la m\u00e1xima calidad de materiales y el mayor rigor profesional.<\/p>\n<p>Utilizamos la tecnolog\u00eda m\u00e1s innovadora para dotar vuestros hogares de la excelencia en<\/p>\n<p>las instalaciones.<\/p>\n<p>Una imagen vale m\u00e1s que mil palabras, por eso os invitamos a visitar nuestra\u00a0SHOWROOM situada en Begur.<\/p>\n<p>La calidez, el ambiente agradable, el confort, la imagen y sonido de alta calidad y las\u00a0facilidades para adecuar vuestros espacios a cada actividad y a cada momento del d\u00eda,\u00a0as\u00ed como las \u00faltimas tecnolog\u00edas en ahorro energ\u00e9tico son dif\u00edcilmente imaginables.<\/p>\n<p>Si quer\u00e9is vivir todas estas sensaciones a flor de piel, en pleno coraz\u00f3n de la Costa<\/p>\n<p>Brava i con vistas al Mediterr\u00e1neo&#8230; OS ESPERAMOS!!!<\/p>\n<p>Nuestra SHOWROOM es un espacio concebido para que pod\u00e1is EXPERIMENTAR EN\u00a0DIRECTO todo lo que con la tecnolog\u00eda m\u00e1s puntera y con nuestro servicio os podemos\u00a0ofrecer para que pod\u00e1is DAR VIDA A VUESTROS SENTIDOS.<\/p>\n<p>Poneros en contacto con nosotros para concertar una demostraci\u00f3n privada en nuestra\u00a0SHOWROOM sin ning\u00fan compromiso.<\/p>\n<p>Estamos seguros de que no os dejar\u00e1 indiferentes!<\/p>\n\n\t\t<\/div>\n\t<\/div>\n<\/div><\/div><\/div>\n","protected":false},"excerpt":{"rendered":"Somos especialistas en Dom\u00f3tica, Home Cinema, sistemas de sonido de Alta Fidelidad\u00a0y multiroom. Dise\u00f1amos, planificamos y ejecutamos la instalaci\u00f3n que mayor se adapta a sus necesidades, siempre con la m\u00e1xima calidad de materiales y el mayor rigor profesional. Utilizamos la tecnolog\u00eda m\u00e1s innovadora para dotar vuestros hogares de la excelencia en las instalaciones. Una imagen [...]","protected":false},"author":1,"featured_media":0,"parent":0,"menu_order":0,"comment_status":"closed","ping_status":"closed","template":"","meta":{"footnotes":""},"class_list":["post-982","page","type-page","status-publish","hentry"],"yoast_head":"<!-- This site is optimized with the Yoast SEO plugin v21.0 - https:\/\/yoast.com\/wordpress\/plugins\/seo\/ -->\n<title>Ectem - Inicio<\/title>\n<meta name=\"description\" content=\"Concerteu una visita a la nostra showroom, un espai concebut perqu\u00e8 pugueu gaudir en directe de la darrera tecnolog\u00eda amb magn\u00edfiques vistes al Mediterrani.\" \/>\n<meta name=\"robots\" content=\"index, follow, max-snippet:-1, max-image-preview:large, max-video-preview:-1\" \/>\n<link rel=\"canonical\" href=\"https:\/\/ectem.cat\/es\/\" \/>\n<meta property=\"og:locale\" content=\"es_ES\" \/>\n<meta property=\"og:type\" content=\"article\" \/>\n<meta property=\"og:title\" content=\"Ectem - Inicio\" \/>\n<meta property=\"og:description\" content=\"Concerteu una visita a la nostra showroom, un espai concebut perqu\u00e8 pugueu gaudir en directe de la darrera tecnolog\u00eda amb magn\u00edfiques vistes al Mediterrani.\" \/>\n<meta property=\"og:url\" content=\"https:\/\/ectem.cat\/es\/\" \/>\n<meta property=\"og:site_name\" content=\"Ectem\" \/>\n<meta property=\"article:modified_time\" content=\"2023-08-17T10:29:57+00:00\" \/>\n<meta name=\"twitter:card\" content=\"summary_large_image\" \/>\n<meta name=\"twitter:label1\" content=\"Tiempo de lectura\" \/>\n\t<meta name=\"twitter:data1\" content=\"2 minutos\" \/>\n<script type=\"application\/ld+json\" class=\"yoast-schema-graph\">{\"@context\":\"https:\/\/schema.org\",\"@graph\":[{\"@type\":\"WebPage\",\"@id\":\"https:\/\/ectem.cat\/es\/\",\"url\":\"https:\/\/ectem.cat\/es\/\",\"name\":\"Ectem - Inicio\",\"isPartOf\":{\"@id\":\"https:\/\/ectem.cat\/#website\"},\"datePublished\":\"2016-07-04T09:01:41+00:00\",\"dateModified\":\"2023-08-17T10:29:57+00:00\",\"description\":\"Concerteu una visita a la nostra showroom, un espai concebut perqu\u00e8 pugueu gaudir en directe de la darrera tecnolog\u00eda amb magn\u00edfiques vistes al Mediterrani.\",\"breadcrumb\":{\"@id\":\"https:\/\/ectem.cat\/es\/#breadcrumb\"},\"inLanguage\":\"es\",\"potentialAction\":[{\"@type\":\"ReadAction\",\"target\":[\"https:\/\/ectem.cat\/es\/\"]}]},{\"@type\":\"BreadcrumbList\",\"@id\":\"https:\/\/ectem.cat\/es\/#breadcrumb\",\"itemListElement\":[{\"@type\":\"ListItem\",\"position\":1,\"name\":\"Inici\",\"item\":\"https:\/\/ectem.cat\/es\/\"},{\"@type\":\"ListItem\",\"position\":2,\"name\":\"Inicio\"}]},{\"@type\":\"WebSite\",\"@id\":\"https:\/\/ectem.cat\/#website\",\"url\":\"https:\/\/ectem.cat\/\",\"name\":\"Ectem\",\"description\":\"Altre lloc gestionat amb el WordPress\",\"potentialAction\":[{\"@type\":\"SearchAction\",\"target\":{\"@type\":\"EntryPoint\",\"urlTemplate\":\"https:\/\/ectem.cat\/?s={search_term_string}\"},\"query-input\":\"required name=search_term_string\"}],\"inLanguage\":\"es\"}]}<\/script>\n<!-- \/ Yoast SEO plugin. -->","yoast_head_json":{"title":"Ectem - Inicio","description":"Concerteu una visita a la nostra showroom, un espai concebut perqu\u00e8 pugueu gaudir en directe de la darrera tecnolog\u00eda amb magn\u00edfiques vistes al Mediterrani.","robots":{"index":"index","follow":"follow","max-snippet":"max-snippet:-1","max-image-preview":"max-image-preview:large","max-video-preview":"max-video-preview:-1"},"canonical":"https:\/\/ectem.cat\/es\/","og_locale":"es_ES","og_type":"article","og_title":"Ectem - Inicio","og_description":"Concerteu una visita a la nostra showroom, un espai concebut perqu\u00e8 pugueu gaudir en directe de la darrera tecnolog\u00eda amb magn\u00edfiques vistes al Mediterrani.","og_url":"https:\/\/ectem.cat\/es\/","og_site_name":"Ectem","article_modified_time":"2023-08-17T10:29:57+00:00","twitter_card":"summary_large_image","twitter_misc":{"Tiempo de lectura":"2 minutos"},"schema":{"@context":"https:\/\/schema.org","@graph":[{"@type":"WebPage","@id":"https:\/\/ectem.cat\/es\/","url":"https:\/\/ectem.cat\/es\/","name":"Ectem - Inicio","isPartOf":{"@id":"https:\/\/ectem.cat\/#website"},"datePublished":"2016-07-04T09:01:41+00:00","dateModified":"2023-08-17T10:29:57+00:00","description":"Concerteu una visita a la nostra showroom, un espai concebut perqu\u00e8 pugueu gaudir en directe de la darrera tecnolog\u00eda amb magn\u00edfiques vistes al Mediterrani.","breadcrumb":{"@id":"https:\/\/ectem.cat\/es\/#breadcrumb"},"inLanguage":"es","potentialAction":[{"@type":"ReadAction","target":["https:\/\/ectem.cat\/es\/"]}]},{"@type":"BreadcrumbList","@id":"https:\/\/ectem.cat\/es\/#breadcrumb","itemListElement":[{"@type":"ListItem","position":1,"name":"Inici","item":"https:\/\/ectem.cat\/es\/"},{"@type":"ListItem","position":2,"name":"Inicio"}]},{"@type":"WebSite","@id":"https:\/\/ectem.cat\/#website","url":"https:\/\/ectem.cat\/","name":"Ectem","description":"Altre lloc gestionat amb el WordPress","potentialAction":[{"@type":"SearchAction","target":{"@type":"EntryPoint","urlTemplate":"https:\/\/ectem.cat\/?s={search_term_string}"},"query-input":"required name=search_term_string"}],"inLanguage":"es"}]}},"_links":{"self":[{"href":"https:\/\/ectem.cat\/es\/wp-json\/wp\/v2\/pages\/982","targetHints":{"allow":["GET"]}}],"collection":[{"href":"https:\/\/ectem.cat\/es\/wp-json\/wp\/v2\/pages"}],"about":[{"href":"https:\/\/ectem.cat\/es\/wp-json\/wp\/v2\/types\/page"}],"author":[{"embeddable":true,"href":"https:\/\/ectem.cat\/es\/wp-json\/wp\/v2\/users\/1"}],"replies":[{"embeddable":true,"href":"https:\/\/ectem.cat\/es\/wp-json\/wp\/v2\/comments?post=982"}],"version-history":[{"count":2,"href":"https:\/\/ectem.cat\/es\/wp-json\/wp\/v2\/pages\/982\/revisions"}],"predecessor-version":[{"id":986,"href":"https:\/\/ectem.cat\/es\/wp-json\/wp\/v2\/pages\/982\/revisions\/986"}],"wp:attachment":[{"href":"https:\/\/ectem.cat\/es\/wp-json\/wp\/v2\/media?parent=982"}],"curies":[{"name":"wp","href":"https:\/\/api.w.org\/{rel}","templated":true}]}}