{"id":10691,"date":"2024-10-31T03:03:15","date_gmt":"2024-10-31T03:03:15","guid":{"rendered":"http:\/\/ectem.cat\/?page_id=10691"},"modified":"2024-10-31T03:03:19","modified_gmt":"2024-10-31T03:03:19","slug":"avis-legal","status":"publish","type":"page","link":"https:\/\/ectem.cat\/es\/avis-legal\/","title":{"rendered":"Av\u00eds Legal"},"content":{"rendered":"\n<div class=\"wp-block-group has-white-color has-text-color has-link-color wp-elements-f0fa92442969ad292511711820f3bcc4\"><div class=\"wp-block-group__inner-container is-layout-constrained wp-block-group-is-layout-constrained\">\n<p class=\"has-white-color has-text-color has-link-color wp-elements-479904cf4f5cc7bb93f6657050972b57\">Bienvenido a la p\u00e1gina WEB de Ectem.<\/p>\n\n\n\n<p>A continuaci\u00f3n, le exponemos las condiciones de uso de la p\u00e1gina WEB. La navegaci\u00f3n por esta p\u00e1gina WEB le<br>otorga el rol de usuario de la misma y, por tanto acepta las cl\u00e1usulas detalladas en este documento.<\/p>\n\n\n\n<p>IDENTIFICACI\u00d3N<br>De conformidad con lo dispuesto en el art\u00edculo 10 de la Ley 34\/2002, de 11 de julio, de Servicios de Sociedad<br>de la Informaci\u00f3n y Comercio Electr\u00f3nico, se informa que ectem.cat es un dominio de Ingenier\u00eda de Control Tecnol\u00f3gico Empord\u00e0 SL, con domicilio social Ctra. Playa del Rinc\u00f3n, 122 Begur 17255, Tlf: 972 623 447 y mail info@ectem.cat.<br>Ingenier\u00eda de Control Tecnol\u00f3gico Empord\u00e0 SL tiene CIF: B55254502<\/p>\n\n\n\n<p>NORMAS DE UTILIZACI\u00d3N<br>El usuario se compromete a hacer un uso adecuado y l\u00edcito de esta WEB as\u00ed como de los contenidos y servicios,<br>de conformidad con la legislaci\u00f3n aplicable en cada momento, la moral y las buenas costumbres generalmente<br>aceptados y de orden p\u00fablico.<br>Queda prohibido realizar, por tanto, cualquier acci\u00f3n que pueda provocar alteraciones de los contenidos<br>de esta WEB o un mal funcionamiento de la misma, incluida la introducci\u00f3n de un virus o similar.<\/p>\n\n\n\n<p>PROPIEDAD INTELECTUAL<br>Las p\u00e1ginas de la WEB y la informaci\u00f3n o elementos que contienen, incluidos textos, documentos,<br>fotograf\u00edas, dibujos, que representen gr\u00e1ficas, base de datos, v\u00eddeos y tambi\u00e9n logotipos, marcas, nombres<br>comerciales u otros signos distintivos, est\u00e1n protegidos por los derechos de propiedad intelectual o industrial, de los<br>que Ingenier\u00eda de Control Tecnol\u00f3gico Empord\u00e0 SL es titular o con licencias leg\u00edtimas.<br>Queda prohibida cualquier modalidad de explotaci\u00f3n, incluido cualquier tipo de reproducci\u00f3n, o distribuci\u00f3n,<br>cesi\u00f3n a terceros, comunicaci\u00f3n p\u00fablica y transformaci\u00f3n, a trav\u00e9s de cualquier tipo de soporte y medio, sin<br>la autorizaci\u00f3n previa y expresa.<\/p>\n\n\n\n<p>RESPONSABILIDAD<br>Nuestra intenci\u00f3n es ofrecer un sitio web que ofrece una operaci\u00f3n continua y de calidad.<br>De todas formas, le informamos que no podemos garantizar el acceso continuado, y que se pueden encontrar con<br>interrupciones o paradas por factores o circunstancias fuera de nuestro control.<br>Ingenier\u00eda de Control Tecnol\u00f3gico Empord\u00e0 SL no es responsable de la informaci\u00f3n y otros contenidos integrados en espacios o<br>p\u00e1ginas Web de terceros accesibles mediante enlaces, hiperv\u00ednculos o links.<br>Ingenier\u00eda de Control Tecnol\u00f3gico Empord\u00e0 SL no es responsable por cualquier da\u00f1o que pueda surgir, entre otros, de:<br>\uf0b7 Interferencias, interrupciones, quiebras, omisiones, aver\u00edas telef\u00f3nicas, retrasos,<br>bloqueos o desconexiones en el funcionamiento del sistema electr\u00f3nico, motivado por<br>deficiencias, sobrecargas y errores en las l\u00edneas de telecomunicaciones y redes<\/p>\n\n\n\n<p>\uf0b7 Intromisiones mediante el uso de programas maliciosos de cualquier tipo ya trav\u00e9s de<br>cualquier medio de comunicaci\u00f3n.<br>\uf0b7 Uso inadecuado de esta WEB.<br>\uf0b7 Errores producidos por un mal funcionamiento del navegador o por el uso de versiones no<br>actualizadas del mismo.<\/p>\n\n\n\n<p>El usuario, en caso de da\u00f1os causados \u200b\u200bpor un uso il\u00edcito o inadecuado de esta WEB, pueden ser reclamados por<br>da\u00f1os y prejuicios.<br>Adem\u00e1s, el usuario responder\u00e1 por da\u00f1os y perjuicios, que se deriva del uso de \u00abrobots\u00bb, \u00abAra\u00f1as\u00bb,\u2026 o herramientas<br>similares utilizadas para recoger o extraer datos o cualquier otra acci\u00f3n en su parte que impongan un<br>carga para disminuir el funcionamiento de la WEB.<\/p>\n\n\n\n<p class=\"has-white-color has-text-color has-link-color wp-elements-0881b07a89f7ab47953ccad794c3ca5a\">LEGISLACI\u00d3N<br>Para la resoluci\u00f3n de cualquier conflicto que pueda surgir fruto de la visita a nuestra WEB aconsejamos que<br>se contacte directamente con nuestra empresa a trav\u00e9s de los datos de contacto que ofrecemos, y exponga el<br>caso, con el fin de llegar a un acuerdo amistoso para ambas partes.<br>De lo contrario, la ley aplicable en caso de disputa o conflicto de interpretaci\u00f3n de los t\u00e9rminos que conforman<br>este aviso legal, as\u00ed como cualquier cuesti\u00f3n relacionada con los servicios y productos del presente portal,<br>ser\u00e1 la ley espa\u00f1ola.<br>Si usted lo desea , la Comisi\u00f3n Europea facilita una plataforma de resoluci\u00f3n de litigios online que se<br>encuentra disponible en el siguiente enlace: http:\/\/ec.europa.eu\/consumers\/odr\/<br>Nuestra empresa y el Usuario acuerdan someterse a los Jueces y Tribunales de domicilio del Usuario, siempre que<br>lo mismo est\u00e9 situado en territorio espa\u00f1ol y act\u00fae en condici\u00f3n de consumidor.<\/p>\n<\/div><\/div>\n","protected":false},"excerpt":{"rendered":"<p>Bienvenido a la p\u00e1gina WEB de Ectem. A continuaci\u00f3n, le exponemos las condiciones de uso de la p\u00e1gina WEB. La navegaci\u00f3n por esta p\u00e1gina WEB leotorga el rol de usuario de la misma y, por tanto acepta las cl\u00e1usulas detalladas en este documento. IDENTIFICACI\u00d3NDe conformidad con lo dispuesto en el art\u00edculo 10 de la Ley [&hellip;]<\/p>\n","protected":false},"author":1,"featured_media":0,"parent":0,"menu_order":0,"comment_status":"closed","ping_status":"closed","template":"","meta":{"footnotes":""},"class_list":["post-10691","page","type-page","status-publish","hentry"],"yoast_head":"<!-- This site is optimized with the Yoast SEO plugin v21.0 - https:\/\/yoast.com\/wordpress\/plugins\/seo\/ -->\n<title>Ectem - Av\u00eds Legal<\/title>\n<meta name=\"robots\" content=\"index, follow, max-snippet:-1, max-image-preview:large, max-video-preview:-1\" \/>\n<link rel=\"canonical\" href=\"https:\/\/ectem.cat\/es\/avis-legal\/\" \/>\n<meta property=\"og:locale\" content=\"es_ES\" \/>\n<meta property=\"og:type\" content=\"article\" \/>\n<meta property=\"og:title\" content=\"Ectem - Av\u00eds Legal\" \/>\n<meta property=\"og:description\" content=\"Bienvenido a la p\u00e1gina WEB de Ectem. A continuaci\u00f3n, le exponemos las condiciones de uso de la p\u00e1gina WEB. La navegaci\u00f3n por esta p\u00e1gina WEB leotorga el rol de usuario de la misma y, por tanto acepta las cl\u00e1usulas detalladas en este documento. IDENTIFICACI\u00d3NDe conformidad con lo dispuesto en el art\u00edculo 10 de la Ley [&hellip;]\" \/>\n<meta property=\"og:url\" content=\"https:\/\/ectem.cat\/es\/avis-legal\/\" \/>\n<meta property=\"og:site_name\" content=\"Ectem\" \/>\n<meta property=\"article:modified_time\" content=\"2024-10-31T03:03:19+00:00\" \/>\n<meta name=\"twitter:card\" content=\"summary_large_image\" \/>\n<meta name=\"twitter:label1\" content=\"Tiempo de lectura\" \/>\n\t<meta name=\"twitter:data1\" content=\"4 minutos\" \/>\n<script type=\"application\/ld+json\" class=\"yoast-schema-graph\">{\"@context\":\"https:\/\/schema.org\",\"@graph\":[{\"@type\":\"WebPage\",\"@id\":\"https:\/\/ectem.cat\/es\/avis-legal\/\",\"url\":\"https:\/\/ectem.cat\/es\/avis-legal\/\",\"name\":\"Ectem - Av\u00eds Legal\",\"isPartOf\":{\"@id\":\"https:\/\/ectem.cat\/#website\"},\"datePublished\":\"2024-10-31T03:03:15+00:00\",\"dateModified\":\"2024-10-31T03:03:19+00:00\",\"breadcrumb\":{\"@id\":\"https:\/\/ectem.cat\/es\/avis-legal\/#breadcrumb\"},\"inLanguage\":\"es\",\"potentialAction\":[{\"@type\":\"ReadAction\",\"target\":[\"https:\/\/ectem.cat\/es\/avis-legal\/\"]}]},{\"@type\":\"BreadcrumbList\",\"@id\":\"https:\/\/ectem.cat\/es\/avis-legal\/#breadcrumb\",\"itemListElement\":[{\"@type\":\"ListItem\",\"position\":1,\"name\":\"Inici\",\"item\":\"https:\/\/ectem.cat\/es\/\"},{\"@type\":\"ListItem\",\"position\":2,\"name\":\"Av\u00eds Legal\"}]},{\"@type\":\"WebSite\",\"@id\":\"https:\/\/ectem.cat\/#website\",\"url\":\"https:\/\/ectem.cat\/\",\"name\":\"Ectem\",\"description\":\"Altre lloc gestionat amb el WordPress\",\"potentialAction\":[{\"@type\":\"SearchAction\",\"target\":{\"@type\":\"EntryPoint\",\"urlTemplate\":\"https:\/\/ectem.cat\/?s={search_term_string}\"},\"query-input\":\"required name=search_term_string\"}],\"inLanguage\":\"es\"}]}<\/script>\n<!-- \/ Yoast SEO plugin. -->","yoast_head_json":{"title":"Ectem - Av\u00eds Legal","robots":{"index":"index","follow":"follow","max-snippet":"max-snippet:-1","max-image-preview":"max-image-preview:large","max-video-preview":"max-video-preview:-1"},"canonical":"https:\/\/ectem.cat\/es\/avis-legal\/","og_locale":"es_ES","og_type":"article","og_title":"Ectem - Av\u00eds Legal","og_description":"Bienvenido a la p\u00e1gina WEB de Ectem. A continuaci\u00f3n, le exponemos las condiciones de uso de la p\u00e1gina WEB. La navegaci\u00f3n por esta p\u00e1gina WEB leotorga el rol de usuario de la misma y, por tanto acepta las cl\u00e1usulas detalladas en este documento. IDENTIFICACI\u00d3NDe conformidad con lo dispuesto en el art\u00edculo 10 de la Ley [&hellip;]","og_url":"https:\/\/ectem.cat\/es\/avis-legal\/","og_site_name":"Ectem","article_modified_time":"2024-10-31T03:03:19+00:00","twitter_card":"summary_large_image","twitter_misc":{"Tiempo de lectura":"4 minutos"},"schema":{"@context":"https:\/\/schema.org","@graph":[{"@type":"WebPage","@id":"https:\/\/ectem.cat\/es\/avis-legal\/","url":"https:\/\/ectem.cat\/es\/avis-legal\/","name":"Ectem - Av\u00eds Legal","isPartOf":{"@id":"https:\/\/ectem.cat\/#website"},"datePublished":"2024-10-31T03:03:15+00:00","dateModified":"2024-10-31T03:03:19+00:00","breadcrumb":{"@id":"https:\/\/ectem.cat\/es\/avis-legal\/#breadcrumb"},"inLanguage":"es","potentialAction":[{"@type":"ReadAction","target":["https:\/\/ectem.cat\/es\/avis-legal\/"]}]},{"@type":"BreadcrumbList","@id":"https:\/\/ectem.cat\/es\/avis-legal\/#breadcrumb","itemListElement":[{"@type":"ListItem","position":1,"name":"Inici","item":"https:\/\/ectem.cat\/es\/"},{"@type":"ListItem","position":2,"name":"Av\u00eds Legal"}]},{"@type":"WebSite","@id":"https:\/\/ectem.cat\/#website","url":"https:\/\/ectem.cat\/","name":"Ectem","description":"Altre lloc gestionat amb el WordPress","potentialAction":[{"@type":"SearchAction","target":{"@type":"EntryPoint","urlTemplate":"https:\/\/ectem.cat\/?s={search_term_string}"},"query-input":"required name=search_term_string"}],"inLanguage":"es"}]}},"_links":{"self":[{"href":"https:\/\/ectem.cat\/es\/wp-json\/wp\/v2\/pages\/10691","targetHints":{"allow":["GET"]}}],"collection":[{"href":"https:\/\/ectem.cat\/es\/wp-json\/wp\/v2\/pages"}],"about":[{"href":"https:\/\/ectem.cat\/es\/wp-json\/wp\/v2\/types\/page"}],"author":[{"embeddable":true,"href":"https:\/\/ectem.cat\/es\/wp-json\/wp\/v2\/users\/1"}],"replies":[{"embeddable":true,"href":"https:\/\/ectem.cat\/es\/wp-json\/wp\/v2\/comments?post=10691"}],"version-history":[{"count":1,"href":"https:\/\/ectem.cat\/es\/wp-json\/wp\/v2\/pages\/10691\/revisions"}],"predecessor-version":[{"id":10692,"href":"https:\/\/ectem.cat\/es\/wp-json\/wp\/v2\/pages\/10691\/revisions\/10692"}],"wp:attachment":[{"href":"https:\/\/ectem.cat\/es\/wp-json\/wp\/v2\/media?parent=10691"}],"curies":[{"name":"wp","href":"https:\/\/api.w.org\/{rel}","templated":true}]}}