{"id":981,"date":"2016-07-04T09:01:41","date_gmt":"2016-07-04T09:01:41","guid":{"rendered":"http:\/\/ectem.cat\/en\/showroom\/"},"modified":"2023-08-17T10:29:04","modified_gmt":"2023-08-17T10:29:04","slug":"showroom","status":"publish","type":"page","link":"https:\/\/ectem.cat\/en\/","title":{"rendered":"Home"},"content":{"rendered":"<div class=\"vc_row wpb_row vc_row-fluid\"><div class=\"wpb_column vc_column_container vc_col-sm-12\"><div class=\"wpb_wrapper\">\n\t<div class=\"wpb_single_image wpb_content_element vc_align_center\">\n\t\t<div class=\"wpb_wrapper\">\n\t\t\t\n\t\t\t<div class=\"vc_single_image-wrapper   vc_box_border_grey\"><img loading=\"lazy\" decoding=\"async\" width=\"900\" height=\"610\" src=\"https:\/\/ectem.cat\/wp-content\/uploads\/2016\/07\/imjac-17.jpg\" class=\"vc_single_image-img attachment-full\" alt=\"\" srcset=\"https:\/\/ectem.cat\/wp-content\/uploads\/2016\/07\/imjac-17.jpg 900w, https:\/\/ectem.cat\/wp-content\/uploads\/2016\/07\/imjac-17-300x203.jpg 300w, https:\/\/ectem.cat\/wp-content\/uploads\/2016\/07\/imjac-17-768x521.jpg 768w, https:\/\/ectem.cat\/wp-content\/uploads\/2016\/07\/imjac-17-220x150.jpg 220w\" sizes=\"auto, (max-width: 900px) 100vw, 900px\" \/><\/div>\n\t\t<\/div>\n\t<\/div>\n<\/div><\/div><\/div><div class=\"vc_row wpb_row vc_row-fluid\"><div class=\"white wpb_column vc_column_container vc_col-sm-12\"><div class=\"wpb_wrapper\">\n\t<div class=\"wpb_text_column wpb_content_element \">\n\t\t<div class=\"wpb_wrapper\">\n\t\t\t<p>Warm, friendly atmospheres, comfort, high-quality sound and images, spaces tailor-made to suit your needs to every activity and every moment of the day\u2026 And also the latest technologies in energy saving. Hardly imaginable.<\/p>\n<p>A picture is worth a thousand words, so we invite you to visit our SHOWROOM located in Begur.<\/p>\n<p>If you want to feel all these emotions at the very heart of the Costa Brava, overlooking the Mediterranean\u2026 WE WILL BE WAITING FOR YOU!<\/p>\n<p>Our SHOWROOM is designed to offer you the chance to EXPERIENCE LIVE everything that the latest technology and our service can offer you TO GIVE LIFE TO YOUR SENSES.<\/p>\n<p>Learn the latest in innovation and technology with home automation products, home cinema<em>,<\/em> audio, design and comfort.<\/p>\n<p>Feel free to contact us to arrange a private demonstration in our showroom \u2014with no strings attached.<\/p>\n<p>We are sure we will not leave you indifferent!<\/p>\n\n\t\t<\/div>\n\t<\/div>\n<\/div><\/div><\/div>\n","protected":false},"excerpt":{"rendered":"Warm, friendly atmospheres, comfort, high-quality sound and images, spaces tailor-made to suit your needs to every activity and every moment of the day\u2026 And also the latest technologies in energy saving. Hardly imaginable. A picture is worth a thousand words, so we invite you to visit our SHOWROOM located in Begur. If you want to [...]","protected":false},"author":1,"featured_media":0,"parent":0,"menu_order":0,"comment_status":"closed","ping_status":"closed","template":"","meta":{"footnotes":""},"class_list":["post-981","page","type-page","status-publish","hentry"],"yoast_head":"<!-- This site is optimized with the Yoast SEO plugin v21.0 - https:\/\/yoast.com\/wordpress\/plugins\/seo\/ -->\n<title>Ectem - Home<\/title>\n<meta name=\"description\" content=\"Concerteu una visita a la nostra showroom, un espai concebut perqu\u00e8 pugueu gaudir en directe de la darrera tecnolog\u00eda amb magn\u00edfiques vistes al Mediterrani.\" \/>\n<meta name=\"robots\" content=\"index, follow, max-snippet:-1, max-image-preview:large, max-video-preview:-1\" \/>\n<link rel=\"canonical\" href=\"https:\/\/ectem.cat\/en\/\" \/>\n<meta property=\"og:locale\" content=\"en_US\" \/>\n<meta property=\"og:type\" content=\"article\" \/>\n<meta property=\"og:title\" content=\"Ectem - Home\" \/>\n<meta property=\"og:description\" content=\"Concerteu una visita a la nostra showroom, un espai concebut perqu\u00e8 pugueu gaudir en directe de la darrera tecnolog\u00eda amb magn\u00edfiques vistes al Mediterrani.\" \/>\n<meta property=\"og:url\" content=\"https:\/\/ectem.cat\/en\/\" \/>\n<meta property=\"og:site_name\" content=\"Ectem\" \/>\n<meta property=\"article:modified_time\" content=\"2023-08-17T10:29:04+00:00\" \/>\n<meta name=\"twitter:card\" content=\"summary_large_image\" \/>\n<meta name=\"twitter:label1\" content=\"Est. reading time\" \/>\n\t<meta name=\"twitter:data1\" content=\"1 minute\" \/>\n<script type=\"application\/ld+json\" class=\"yoast-schema-graph\">{\"@context\":\"https:\/\/schema.org\",\"@graph\":[{\"@type\":\"WebPage\",\"@id\":\"https:\/\/ectem.cat\/en\/\",\"url\":\"https:\/\/ectem.cat\/en\/\",\"name\":\"Ectem - Home\",\"isPartOf\":{\"@id\":\"https:\/\/ectem.cat\/#website\"},\"datePublished\":\"2016-07-04T09:01:41+00:00\",\"dateModified\":\"2023-08-17T10:29:04+00:00\",\"description\":\"Concerteu una visita a la nostra showroom, un espai concebut perqu\u00e8 pugueu gaudir en directe de la darrera tecnolog\u00eda amb magn\u00edfiques vistes al Mediterrani.\",\"breadcrumb\":{\"@id\":\"https:\/\/ectem.cat\/en\/#breadcrumb\"},\"inLanguage\":\"en-US\",\"potentialAction\":[{\"@type\":\"ReadAction\",\"target\":[\"https:\/\/ectem.cat\/en\/\"]}]},{\"@type\":\"BreadcrumbList\",\"@id\":\"https:\/\/ectem.cat\/en\/#breadcrumb\",\"itemListElement\":[{\"@type\":\"ListItem\",\"position\":1,\"name\":\"Inici\",\"item\":\"https:\/\/ectem.cat\/en\/\"},{\"@type\":\"ListItem\",\"position\":2,\"name\":\"Home\"}]},{\"@type\":\"WebSite\",\"@id\":\"https:\/\/ectem.cat\/#website\",\"url\":\"https:\/\/ectem.cat\/\",\"name\":\"Ectem\",\"description\":\"Altre lloc gestionat amb el WordPress\",\"potentialAction\":[{\"@type\":\"SearchAction\",\"target\":{\"@type\":\"EntryPoint\",\"urlTemplate\":\"https:\/\/ectem.cat\/?s={search_term_string}\"},\"query-input\":\"required name=search_term_string\"}],\"inLanguage\":\"en-US\"}]}<\/script>\n<!-- \/ Yoast SEO plugin. -->","yoast_head_json":{"title":"Ectem - Home","description":"Concerteu una visita a la nostra showroom, un espai concebut perqu\u00e8 pugueu gaudir en directe de la darrera tecnolog\u00eda amb magn\u00edfiques vistes al Mediterrani.","robots":{"index":"index","follow":"follow","max-snippet":"max-snippet:-1","max-image-preview":"max-image-preview:large","max-video-preview":"max-video-preview:-1"},"canonical":"https:\/\/ectem.cat\/en\/","og_locale":"en_US","og_type":"article","og_title":"Ectem - Home","og_description":"Concerteu una visita a la nostra showroom, un espai concebut perqu\u00e8 pugueu gaudir en directe de la darrera tecnolog\u00eda amb magn\u00edfiques vistes al Mediterrani.","og_url":"https:\/\/ectem.cat\/en\/","og_site_name":"Ectem","article_modified_time":"2023-08-17T10:29:04+00:00","twitter_card":"summary_large_image","twitter_misc":{"Est. reading time":"1 minute"},"schema":{"@context":"https:\/\/schema.org","@graph":[{"@type":"WebPage","@id":"https:\/\/ectem.cat\/en\/","url":"https:\/\/ectem.cat\/en\/","name":"Ectem - Home","isPartOf":{"@id":"https:\/\/ectem.cat\/#website"},"datePublished":"2016-07-04T09:01:41+00:00","dateModified":"2023-08-17T10:29:04+00:00","description":"Concerteu una visita a la nostra showroom, un espai concebut perqu\u00e8 pugueu gaudir en directe de la darrera tecnolog\u00eda amb magn\u00edfiques vistes al Mediterrani.","breadcrumb":{"@id":"https:\/\/ectem.cat\/en\/#breadcrumb"},"inLanguage":"en-US","potentialAction":[{"@type":"ReadAction","target":["https:\/\/ectem.cat\/en\/"]}]},{"@type":"BreadcrumbList","@id":"https:\/\/ectem.cat\/en\/#breadcrumb","itemListElement":[{"@type":"ListItem","position":1,"name":"Inici","item":"https:\/\/ectem.cat\/en\/"},{"@type":"ListItem","position":2,"name":"Home"}]},{"@type":"WebSite","@id":"https:\/\/ectem.cat\/#website","url":"https:\/\/ectem.cat\/","name":"Ectem","description":"Altre lloc gestionat amb el WordPress","potentialAction":[{"@type":"SearchAction","target":{"@type":"EntryPoint","urlTemplate":"https:\/\/ectem.cat\/?s={search_term_string}"},"query-input":"required name=search_term_string"}],"inLanguage":"en-US"}]}},"_links":{"self":[{"href":"https:\/\/ectem.cat\/en\/wp-json\/wp\/v2\/pages\/981","targetHints":{"allow":["GET"]}}],"collection":[{"href":"https:\/\/ectem.cat\/en\/wp-json\/wp\/v2\/pages"}],"about":[{"href":"https:\/\/ectem.cat\/en\/wp-json\/wp\/v2\/types\/page"}],"author":[{"embeddable":true,"href":"https:\/\/ectem.cat\/en\/wp-json\/wp\/v2\/users\/1"}],"replies":[{"embeddable":true,"href":"https:\/\/ectem.cat\/en\/wp-json\/wp\/v2\/comments?post=981"}],"version-history":[{"count":2,"href":"https:\/\/ectem.cat\/en\/wp-json\/wp\/v2\/pages\/981\/revisions"}],"predecessor-version":[{"id":987,"href":"https:\/\/ectem.cat\/en\/wp-json\/wp\/v2\/pages\/981\/revisions\/987"}],"wp:attachment":[{"href":"https:\/\/ectem.cat\/en\/wp-json\/wp\/v2\/media?parent=981"}],"curies":[{"name":"wp","href":"https:\/\/api.w.org\/{rel}","templated":true}]}}